{"id":149,"date":"2024-04-09T17:33:35","date_gmt":"2024-04-09T17:33:35","guid":{"rendered":"https:\/\/staging-chile.mapbiomas.org\/?page_id=149"},"modified":"2025-10-29T18:22:40","modified_gmt":"2025-10-29T18:22:40","slug":"mapas-de-la-coleccion","status":"publish","type":"page","link":"https:\/\/chile.mapbiomas.org\/en\/mapas-de-la-coleccion\/","title":{"rendered":"Collection Maps"},"content":{"rendered":"<p>Las Colecciones de mapas anuales de MapBiomas Chile es una serie hist\u00f3rica que cubre todo el territorio chileno. La colecci\u00f3n 2.0 de MapBiomas Chile tiene datos anuales para el periodo 1999-2024.<\/p>\n\n\n\n<p>La meta es que cada a\u00f1o se actualice con una nueva colecci\u00f3n para a\u00f1adir informaci\u00f3n de los a\u00f1os recientes e incorporar mejoras en las clasificaciones.<\/p>\n\n\n\n<p><strong>Se puede acceder a la Colecci\u00f3n 2.0 de Cobertura y Uso de las siguientes maneras:<\/strong><\/p>\n\n\n\n<p>1.\tBrowse the maps and data platform of MapBiomas Chile: https:\/\/plataforma.chile.mapbiomas.org\/ <strong>https:\/\/plataforma.chile.mapbiomas.org\/<\/strong>. <\/p>\n\n\n\n<p>Ahora es posible descargar los mapas y datos actuales directamente en la plataforma MapBiomas, en &#8220;Crear an\u00e1lisis&#8221;. Consulte las instrucciones sobre c\u00f3mo descargar los <a href=\"http:\/\/chile.mapbiomas.org\/wp-content\/uploads\/sites\/13\/2025\/10\/how_to_download_maps_MapBiomas_platform_ES_EN_PT_v4.pdf\">mapas<\/a> y <a href=\"http:\/\/chile.mapbiomas.org\/wp-content\/uploads\/sites\/13\/2025\/10\/How_to_download_statistics_from_MapBiomas_platform_v3_EN_PT_ES.pdf\">estad\u00edsticas<\/a> a trav\u00e9s de la plataforma.<\/p>\n\n\n\n<p>2. Utilizando los assets de datos desde <strong>Google Earth Engine account<\/strong> con la siguiente ruta: <strong>projects\/mapbiomas-chile\/assets\/LULC\/COLLECTION-02\/CLASSIFICATIONS\/classification-final\/clasificacion-final-2<\/strong><\/p>\n\n\n\n<p>3. \tDownload maps for each year using the following URL format, specifying the year you want to download. For example, for 2022:&nbsp;<\/p>\n\n\n\n<figure class=\"wp-block-embed\"><div class=\"wp-block-embed__wrapper\">\nhttps:\/\/storage.googleapis.com\/mapbiomas-public\/initiatives\/chile\/coverage\/chile_coverage_2022.tif\n<\/div><\/figure>\n\n\n\n<p>For other years, simply change the final year in the link. Remember, Collection 1 is available from 2000 to 2022.<\/p>\n\n\n\n<p>4.\tDownload by Region, Province, Commune, and Watersheds, use the <a href=\"https:\/\/code.earthengine.google.com\/?scriptPath=users%2Fmapbiomas%2Fuser-toolkit%3Amapbiomas-user-toolkit-lulc.js\"><strong>Toolkit<\/strong><\/a><strong> <\/strong>prepared in Google Earth Engine <strong>[UNDER MAINTENANCE]<\/strong>. <em>. To use this tool, you need a <\/em><a href=\"https:\/\/earthengine.google.com\/\"><strong><em>Google Earth Engine account<\/em><\/strong><\/a><strong><em> <\/em><\/strong><em>(free).<\/em><\/p>\n\n\n\n<p><strong>Important:<\/strong><\/p>\n\n\n\n<ul>\n<li>All data is in GeoTiff format and has LZW compression.&nbsp;<\/li>\n\n\n\n<li>You can consult the class codes in the <a href=\"https:\/\/chile.mapbiomas.org\/en\/codigos-de-la-leyenda\/\" data-type=\"URL\" data-id=\"http:\/\/chile.mapbiomas.org\/codigos-de-la-leyenda\/\">Colecci\u00f3n 2<\/a>.&nbsp;<\/li>\n\n\n\n<li>The annual maps are consolidated into a single file where each band represents a year in the historical series (the 1st band corresponds to the first year of the series).<\/li>\n<\/ul>","protected":false},"excerpt":{"rendered":"<p>Las Colecciones de mapas anuales de MapBiomas Chile es una serie hist\u00f3rica que cubre todo el territorio chileno. La colecci\u00f3n 2.0 de MapBiomas Chile tiene datos anuales para el periodo 1999-2024. La meta es que cada a\u00f1o se actualice con una nueva colecci\u00f3n para a\u00f1adir informaci\u00f3n de los a\u00f1os recientes e incorporar mejoras en las [&hellip;]<\/p>","protected":false},"author":2,"featured_media":0,"parent":0,"menu_order":0,"comment_status":"closed","ping_status":"closed","template":"","meta":{"_uag_custom_page_level_css":""},"acf":[],"uagb_featured_image_src":{"full":false,"thumbnail":false,"medium":false,"medium_large":false,"large":false,"1536x1536":false,"2048x2048":false,"trp-custom-language-flag":false,"infographic":false,"team":false},"uagb_author_info":{"display_name":"Adriel Fernandes","author_link":"https:\/\/chile.mapbiomas.org\/en\/author\/adriel-fernandes\/"},"uagb_comment_info":0,"uagb_excerpt":"Las Colecciones de mapas anuales de MapBiomas Chile es una serie hist\u00f3rica que cubre todo el territorio chileno. La colecci\u00f3n 2.0 de MapBiomas Chile tiene datos anuales para el periodo 1999-2024. La meta es que cada a\u00f1o se actualice con una nueva colecci\u00f3n para a\u00f1adir informaci\u00f3n de los a\u00f1os recientes e incorporar mejoras en las&hellip;","_links":{"self":[{"href":"https:\/\/chile.mapbiomas.org\/en\/wp-json\/wp\/v2\/pages\/149"}],"collection":[{"href":"https:\/\/chile.mapbiomas.org\/en\/wp-json\/wp\/v2\/pages"}],"about":[{"href":"https:\/\/chile.mapbiomas.org\/en\/wp-json\/wp\/v2\/types\/page"}],"author":[{"embeddable":true,"href":"https:\/\/chile.mapbiomas.org\/en\/wp-json\/wp\/v2\/users\/2"}],"replies":[{"embeddable":true,"href":"https:\/\/chile.mapbiomas.org\/en\/wp-json\/wp\/v2\/comments?post=149"}],"version-history":[{"count":8,"href":"https:\/\/chile.mapbiomas.org\/en\/wp-json\/wp\/v2\/pages\/149\/revisions"}],"predecessor-version":[{"id":617,"href":"https:\/\/chile.mapbiomas.org\/en\/wp-json\/wp\/v2\/pages\/149\/revisions\/617"}],"wp:attachment":[{"href":"https:\/\/chile.mapbiomas.org\/en\/wp-json\/wp\/v2\/media?parent=149"}],"curies":[{"name":"wp","href":"https:\/\/api.w.org\/{rel}","templated":true}]}}