{"id":152,"date":"2024-04-09T17:34:02","date_gmt":"2024-04-09T17:34:02","guid":{"rendered":"https:\/\/staging-chile.mapbiomas.org\/?page_id=152"},"modified":"2026-03-16T13:35:11","modified_gmt":"2026-03-16T13:35:11","slug":"estadisticas","status":"publish","type":"page","link":"https:\/\/chile.mapbiomas.org\/en\/estadisticas\/","title":{"rendered":"Statistics"},"content":{"rendered":"<p>Here you can download the statistics database for the MapBiomas Chile Collection 2.0 maps:<\/p>\n\n\n\n<p><a href=\"https:\/\/chile.mapbiomas.org\/wp-content\/uploads\/sites\/13\/2026\/03\/statistics_lulc_chile_col2_political_level_234.xlsx\" target=\"_blank\" rel=\"noreferrer noopener\">COVERAGE<\/a>: area (hectares) of coverage and land use data by country, region, province, commune (municipality), basin, and sub-basin. In addition to units of interest such as protected areas and ecoregions between 1999 and 2024<\/p>\n\n\n\n<p><a href=\"https:\/\/storage.googleapis.com\/mapbiomas-public\/initiatives\/chile\/collection_1\/download\/statistics\/statistics_lulc_chile_col1.xlsx\">TRANSITIONS<\/a>: \u00e1reas de transici\u00f3n (en hect\u00e1reas) \/ datos de cambio de cobertura del suelo&nbsp; por pa\u00eds, regi\u00f3n provincia, comuna (municipio), cuenca y subcuenca, \u00e1reas protegidas y ecorregiones, para per\u00edodos seleccionados entre 1999 al 2024<\/p>","protected":false},"excerpt":{"rendered":"<p>Aqu\u00ed puede descargar la base de datos de estad\u00edsticas de los mapas de MapBiomas Chile Colecci\u00f3n 2.0: COBERTURA: \u00e1rea (hect\u00e1reas) de cobertura y datos de uso del suelo por pa\u00eds, regi\u00f3n, provincia, comuna (municipio), cuenca y subcuenca. Adem\u00e1s de unidades de inter\u00e9s como \u00e1reas protegidas y ecorregiones entre 1999 al 2024 TRANSICIONES: \u00e1reas de transici\u00f3n [&hellip;]<\/p>","protected":false},"author":2,"featured_media":0,"parent":0,"menu_order":0,"comment_status":"closed","ping_status":"closed","template":"","meta":{"_uag_custom_page_level_css":""},"acf":[],"uagb_featured_image_src":{"full":false,"thumbnail":false,"medium":false,"medium_large":false,"large":false,"1536x1536":false,"2048x2048":false,"trp-custom-language-flag":false,"infographic":false,"team":false},"uagb_author_info":{"display_name":"Adriel Fernandes","author_link":"https:\/\/chile.mapbiomas.org\/en\/author\/adriel-fernandes\/"},"uagb_comment_info":0,"uagb_excerpt":"Aqu\u00ed puede descargar la base de datos de estad\u00edsticas de los mapas de MapBiomas Chile Colecci\u00f3n 2.0: COBERTURA: \u00e1rea (hect\u00e1reas) de cobertura y datos de uso del suelo por pa\u00eds, regi\u00f3n, provincia, comuna (municipio), cuenca y subcuenca. Adem\u00e1s de unidades de inter\u00e9s como \u00e1reas protegidas y ecorregiones entre 1999 al 2024 TRANSICIONES: \u00e1reas de transici\u00f3n&hellip;","_links":{"self":[{"href":"https:\/\/chile.mapbiomas.org\/en\/wp-json\/wp\/v2\/pages\/152"}],"collection":[{"href":"https:\/\/chile.mapbiomas.org\/en\/wp-json\/wp\/v2\/pages"}],"about":[{"href":"https:\/\/chile.mapbiomas.org\/en\/wp-json\/wp\/v2\/types\/page"}],"author":[{"embeddable":true,"href":"https:\/\/chile.mapbiomas.org\/en\/wp-json\/wp\/v2\/users\/2"}],"replies":[{"embeddable":true,"href":"https:\/\/chile.mapbiomas.org\/en\/wp-json\/wp\/v2\/comments?post=152"}],"version-history":[{"count":14,"href":"https:\/\/chile.mapbiomas.org\/en\/wp-json\/wp\/v2\/pages\/152\/revisions"}],"predecessor-version":[{"id":642,"href":"https:\/\/chile.mapbiomas.org\/en\/wp-json\/wp\/v2\/pages\/152\/revisions\/642"}],"wp:attachment":[{"href":"https:\/\/chile.mapbiomas.org\/en\/wp-json\/wp\/v2\/media?parent=152"}],"curies":[{"name":"wp","href":"https:\/\/api.w.org\/{rel}","templated":true}]}}