{"id":154,"date":"2024-04-09T17:34:27","date_gmt":"2024-04-09T17:34:27","guid":{"rendered":"https:\/\/staging-chile.mapbiomas.org\/?page_id=154"},"modified":"2025-10-13T12:51:49","modified_gmt":"2025-10-13T12:51:49","slug":"mosaicos-landsat","status":"publish","type":"page","link":"https:\/\/chile.mapbiomas.org\/en\/mosaicos-landsat\/","title":{"rendered":"Mosaicos landsat"},"content":{"rendered":"<p>The land cover and land use classifications of the MapBiomas collection are based on\nmosaics generated from Landsat images. For each of the years evaluated, a specific\nmosaic has been produced. Each mosaic is produced by the spatial integration of the\ndifferent Landsat scenes present and by the temporal integration pixel by pixel. These\ntemporal intervals were defined according to the strategy to improve the classification\nresults.<\/p>\n\n\n\n<p>The mosaics are generated from 1:250,000 maps and contain up to 184 bands per pixel, including various fractional metrics and spectral indices.<\/p>\n\n\n\n<p>The Collection 2.0 mosaics can be accessed directly in Google Earth Engine via the following link: Google \u2013 Code Earth Engine<\/p>\n\n\n\n<p>*To use this tool it is necessary to have a Google Earth Engine account (free).<\/p>\n\n\n\n<p>via the following link projects\/mapbiomas-chile\/assets\/MOSAICS\/mosaico-c2<\/p>","protected":false},"excerpt":{"rendered":"<p>Las clasificaciones de cobertura y uso del suelo de la colecci\u00f3n MapBiomas se basan en mosaicos generados a partir de im\u00e1genes Landsat. Para cada uno de los a\u00f1os evaluados, se ha producido un mosaico espec\u00edfico. Cada mosaico es producido por la integraci\u00f3n espacial de las distintas escenas Landsat presentes y por la integraci\u00f3n temporal p\u00edxel [&hellip;]<\/p>","protected":false},"author":2,"featured_media":0,"parent":0,"menu_order":0,"comment_status":"closed","ping_status":"closed","template":"","meta":{"_uag_custom_page_level_css":""},"acf":[],"uagb_featured_image_src":{"full":false,"thumbnail":false,"medium":false,"medium_large":false,"large":false,"1536x1536":false,"2048x2048":false,"trp-custom-language-flag":false,"infographic":false,"team":false},"uagb_author_info":{"display_name":"Adriel Fernandes","author_link":"https:\/\/chile.mapbiomas.org\/en\/author\/adriel-fernandes\/"},"uagb_comment_info":0,"uagb_excerpt":"Las clasificaciones de cobertura y uso del suelo de la colecci\u00f3n MapBiomas se basan en mosaicos generados a partir de im\u00e1genes Landsat. Para cada uno de los a\u00f1os evaluados, se ha producido un mosaico espec\u00edfico. Cada mosaico es producido por la integraci\u00f3n espacial de las distintas escenas Landsat presentes y por la integraci\u00f3n temporal p\u00edxel&hellip;","_links":{"self":[{"href":"https:\/\/chile.mapbiomas.org\/en\/wp-json\/wp\/v2\/pages\/154"}],"collection":[{"href":"https:\/\/chile.mapbiomas.org\/en\/wp-json\/wp\/v2\/pages"}],"about":[{"href":"https:\/\/chile.mapbiomas.org\/en\/wp-json\/wp\/v2\/types\/page"}],"author":[{"embeddable":true,"href":"https:\/\/chile.mapbiomas.org\/en\/wp-json\/wp\/v2\/users\/2"}],"replies":[{"embeddable":true,"href":"https:\/\/chile.mapbiomas.org\/en\/wp-json\/wp\/v2\/comments?post=154"}],"version-history":[{"count":8,"href":"https:\/\/chile.mapbiomas.org\/en\/wp-json\/wp\/v2\/pages\/154\/revisions"}],"predecessor-version":[{"id":595,"href":"https:\/\/chile.mapbiomas.org\/en\/wp-json\/wp\/v2\/pages\/154\/revisions\/595"}],"wp:attachment":[{"href":"https:\/\/chile.mapbiomas.org\/en\/wp-json\/wp\/v2\/media?parent=154"}],"curies":[{"name":"wp","href":"https:\/\/api.w.org\/{rel}","templated":true}]}}