{"id":156,"date":"2024-04-09T17:35:07","date_gmt":"2024-04-09T17:35:07","guid":{"rendered":"https:\/\/staging-chile.mapbiomas.org\/?page_id=156"},"modified":"2025-10-13T13:01:58","modified_gmt":"2025-10-13T13:01:58","slug":"codigos-de-la-leyenda","status":"publish","type":"page","link":"https:\/\/chile.mapbiomas.org\/en\/codigos-de-la-leyenda\/","title":{"rendered":"Legend codes"},"content":{"rendered":"<p>MapBiomas Chile Collection 2.0 are available at <a rel=\"noreferrer noopener\" href=\"http:\/\/chile.mapbiomas.org\/wp-content\/uploads\/sites\/13\/2025\/10\/Leyenda2025-LEYENDA-CODIGOS.pdf\" data-type=\"URL\" data-id=\"http:\/\/chile.mapbiomas.org\/wp-content\/uploads\/sites\/13\/2025\/10\/Leyenda2025-LEYENDA-CODIGOS.pdf\" target=\"_blank\">Legend Codes - Collection 2.0<\/a> &#8211; <a rel=\"noreferrer noopener\" href=\"http:\/\/chile.mapbiomas.org\/wp-content\/uploads\/sites\/13\/2025\/10\/Leyenda2025-EN-LEYENDA-DESCRIPCIONES.pdf\" data-type=\"URL\" data-id=\"http:\/\/chile.mapbiomas.org\/wp-content\/uploads\/sites\/13\/2025\/10\/Leyenda2025-ES-LEYENDA-DESCRIPCIONES.pdf\" target=\"_blank\">Legend Description <\/a><\/p>","protected":false},"excerpt":{"rendered":"<p>MapBiomas Chile Colecci\u00f3n 2.0 est\u00e1n disponibles: C\u00f3digo de Leyenda &#8211; Colecci\u00f3n 2 &#8211; Descripci\u00f3n de Leyenda<\/p>","protected":false},"author":2,"featured_media":0,"parent":0,"menu_order":0,"comment_status":"closed","ping_status":"closed","template":"","meta":{"_uag_custom_page_level_css":""},"acf":[],"uagb_featured_image_src":{"full":false,"thumbnail":false,"medium":false,"medium_large":false,"large":false,"1536x1536":false,"2048x2048":false,"trp-custom-language-flag":false,"infographic":false,"team":false},"uagb_author_info":{"display_name":"Adriel Fernandes","author_link":"https:\/\/chile.mapbiomas.org\/en\/author\/adriel-fernandes\/"},"uagb_comment_info":0,"uagb_excerpt":"MapBiomas Chile Colecci\u00f3n 2.0 est\u00e1n disponibles: C\u00f3digo de Leyenda &#8211; Colecci\u00f3n 2 &#8211; Descripci\u00f3n de Leyenda","_links":{"self":[{"href":"https:\/\/chile.mapbiomas.org\/en\/wp-json\/wp\/v2\/pages\/156"}],"collection":[{"href":"https:\/\/chile.mapbiomas.org\/en\/wp-json\/wp\/v2\/pages"}],"about":[{"href":"https:\/\/chile.mapbiomas.org\/en\/wp-json\/wp\/v2\/types\/page"}],"author":[{"embeddable":true,"href":"https:\/\/chile.mapbiomas.org\/en\/wp-json\/wp\/v2\/users\/2"}],"replies":[{"embeddable":true,"href":"https:\/\/chile.mapbiomas.org\/en\/wp-json\/wp\/v2\/comments?post=156"}],"version-history":[{"count":13,"href":"https:\/\/chile.mapbiomas.org\/en\/wp-json\/wp\/v2\/pages\/156\/revisions"}],"predecessor-version":[{"id":603,"href":"https:\/\/chile.mapbiomas.org\/en\/wp-json\/wp\/v2\/pages\/156\/revisions\/603"}],"wp:attachment":[{"href":"https:\/\/chile.mapbiomas.org\/en\/wp-json\/wp\/v2\/media?parent=156"}],"curies":[{"name":"wp","href":"https:\/\/api.w.org\/{rel}","templated":true}]}}