{"id":23,"date":"2023-07-24T16:27:44","date_gmt":"2023-07-24T16:27:44","guid":{"rendered":"https:\/\/staging-chile.mapbiomas.org\/?page_id=23"},"modified":"2026-02-11T19:46:25","modified_gmt":"2026-02-11T19:46:25","slug":"lanzamientos","status":"publish","type":"page","link":"https:\/\/chile.mapbiomas.org\/en\/lanzamientos\/","title":{"rendered":"Releases"},"content":{"rendered":"<h4 class=\"wp-block-heading\">MAPBIOMAS CHILE<\/h4>\n\n\n\n<p>MapBiomas Chile is an initiative that brings together experts in satellite remote sensing, geographic information systems, and programming from NGOs, universities, and research centers, who work collaboratively to generate and share, publicly and free of charge, accurate and up-to-date information on the transformation of Chilean territory&nbsp;<\/p>\n\n\n\n<p>The Second Collection of Annual Land Cover and Land Use Maps of Chile (1999\u20132024) was presented on October 13, 2025, during the event \u201cMapBiomas Chile: Revealing the dynamics of a changing landscape.\u201d This unprecedented product is a joint creation of the GEP Laboratory (University of Chile), the LEP Laboratory (University of Concepci\u00f3n), and the LEPCON Laboratory (University of La Frontera).&nbsp;&nbsp;<\/p>\n\n\n\n<p><strong>LANZAMIENTO DE MAPBIOMAS CHILE\u2013 COLECCI\u00d3N<\/strong> 2<\/p>\n\n\n\n<figure class=\"wp-block-embed is-type-video is-provider-youtube wp-block-embed-youtube wp-embed-aspect-16-9 wp-has-aspect-ratio\"><div class=\"wp-block-embed__wrapper\">\n<iframe loading=\"lazy\" title=\"MapBiomas Chile: Revelando la din\u00e1mica de un paisaje cambiante\" width=\"500\" height=\"281\" src=\"https:\/\/www.youtube.com\/embed\/fl3C2b1owk4?feature=oembed\" frameborder=\"0\" allow=\"accelerometer; autoplay; clipboard-write; encrypted-media; gyroscope; picture-in-picture; web-share\" referrerpolicy=\"strict-origin-when-cross-origin\" allowfullscreen><\/iframe>\n<\/div><\/figure>\n\n\n\n<p><strong>1er LANZAMIENTO DE MAPBIOMAS CHILE\u2013 COLECCI\u00d3N 1<\/strong><\/p>\n\n\n\n<figure class=\"wp-block-embed is-type-video is-provider-youtube wp-block-embed-youtube wp-embed-aspect-16-9 wp-has-aspect-ratio\"><div class=\"wp-block-embed__wrapper\">\n<iframe loading=\"lazy\" title=\"MapBiomas Chile: Revelando la din\u00e1mica de un paisaje cambiante\" width=\"500\" height=\"281\" src=\"https:\/\/www.youtube.com\/embed\/9RxTgB9rrNU?feature=oembed\" frameborder=\"0\" allow=\"accelerometer; autoplay; clipboard-write; encrypted-media; gyroscope; picture-in-picture; web-share\" referrerpolicy=\"strict-origin-when-cross-origin\" allowfullscreen><\/iframe>\n<\/div><\/figure>\n\n\n\n<h4 class=\"wp-block-heading\">ABOUT THE CHILEAN MAPBIOMAS  PLATFORM<\/h4>\n\n\n\n<p>The MapBiomas Chile platform is a tool that allows anyone with Internet access to visualize and consult the changes in land cover and use of the Chilean territory, as well as the pressures on natural ecosystems. The information generated covers all the states of the country, allowing the 17 classes of the legend to be quantified, which include areas of forests, shrublands, grasslands, agricultural uses, urban areas and bodies of water, among others. The information is free and available for download.<\/p>\n\n\n\n<p>The platform allows you to explore the collection of annual maps, which cover the period between 1999 and 2024, and identify changes in land coverage and use at the national, regional, provincial or communal level and in a given period (year, five-year period, decades, etc.). The tool also shows statistics in dynamic tables and graphs, with the changes in use during the period that the user requires, allowing the understanding of the dynamics of changes, which can be consulted in different spatial units, not only to the political-administrative division, but also units from the National System of Protected Wild Areas, hydrographic basins and eco-regions.<\/p>","protected":false},"excerpt":{"rendered":"<p>MAPBIOMAS CHILE MapBiomas Chile es una iniciativa que re\u00fane a expertos en teledetecci\u00f3n satelital, sistemas de informaci\u00f3n geogr\u00e1fica y programaci\u00f3n de ONG, universidades y centros de investigaci\u00f3n, que trabajan de manera colaborativa para generar y compartir, de forma p\u00fablica y gratuita, informaci\u00f3n precisa y actualizada sobre la transformaci\u00f3n del territorio chileno.&nbsp; La Segunda Colecci\u00f3n de [&hellip;]<\/p>","protected":false},"author":2,"featured_media":0,"parent":0,"menu_order":0,"comment_status":"closed","ping_status":"closed","template":"page_release.php","meta":{"_uag_custom_page_level_css":""},"acf":[],"uagb_featured_image_src":{"full":false,"thumbnail":false,"medium":false,"medium_large":false,"large":false,"1536x1536":false,"2048x2048":false,"trp-custom-language-flag":false,"infographic":false,"team":false},"uagb_author_info":{"display_name":"Adriel Fernandes","author_link":"https:\/\/chile.mapbiomas.org\/en\/author\/adriel-fernandes\/"},"uagb_comment_info":0,"uagb_excerpt":"MAPBIOMAS CHILE MapBiomas Chile es una iniciativa que re\u00fane a expertos en teledetecci\u00f3n satelital, sistemas de informaci\u00f3n geogr\u00e1fica y programaci\u00f3n de ONG, universidades y centros de investigaci\u00f3n, que trabajan de manera colaborativa para generar y compartir, de forma p\u00fablica y gratuita, informaci\u00f3n precisa y actualizada sobre la transformaci\u00f3n del territorio chileno.&nbsp; La Segunda Colecci\u00f3n de&hellip;","_links":{"self":[{"href":"https:\/\/chile.mapbiomas.org\/en\/wp-json\/wp\/v2\/pages\/23"}],"collection":[{"href":"https:\/\/chile.mapbiomas.org\/en\/wp-json\/wp\/v2\/pages"}],"about":[{"href":"https:\/\/chile.mapbiomas.org\/en\/wp-json\/wp\/v2\/types\/page"}],"author":[{"embeddable":true,"href":"https:\/\/chile.mapbiomas.org\/en\/wp-json\/wp\/v2\/users\/2"}],"replies":[{"embeddable":true,"href":"https:\/\/chile.mapbiomas.org\/en\/wp-json\/wp\/v2\/comments?post=23"}],"version-history":[{"count":9,"href":"https:\/\/chile.mapbiomas.org\/en\/wp-json\/wp\/v2\/pages\/23\/revisions"}],"predecessor-version":[{"id":630,"href":"https:\/\/chile.mapbiomas.org\/en\/wp-json\/wp\/v2\/pages\/23\/revisions\/630"}],"wp:attachment":[{"href":"https:\/\/chile.mapbiomas.org\/en\/wp-json\/wp\/v2\/media?parent=23"}],"curies":[{"name":"wp","href":"https:\/\/api.w.org\/{rel}","templated":true}]}}