{"id":43,"date":"2023-07-24T16:29:11","date_gmt":"2023-07-24T16:29:11","guid":{"rendered":"https:\/\/staging-chile.mapbiomas.org\/?page_id=43"},"modified":"2025-10-11T19:57:47","modified_gmt":"2025-10-11T19:57:47","slug":"quienes-somos","status":"publish","type":"page","link":"https:\/\/chile.mapbiomas.org\/en\/quienes-somos\/","title":{"rendered":"Who we are"},"content":{"rendered":"<p>MapBiomas Chile is an annual land cover and land use monitoring initiative. It is part of a collaboration to understand the transformation processes occurring in the Chilean territory. Different academic institutions in Chile participate in it.<\/p>\n\n\n\n<p><em>Co-creators:<\/em><\/p>\n\n\n\n<ul>\n<li>Laboratorio de Geom\u00e1tica y Ecolog\u00eda del Paisaje (GEP), Universidad de Chile<\/li>\n\n\n\n<li>Laboratorio de Ecolog\u00eda de Paisaje (LEP), Universidad de Concepci\u00f3n<\/li>\n\n\n\n<li>Laboratorio de Ecolog\u00eda del Paisaje y Conservaci\u00f3n (LEPCON), Universidad de La Frontera<\/li>\n<\/ul>\n\n\n\n<p><em>General Coordinator MapBiomas Chile: <\/em>&nbsp;\u2013 Jaime Hern\u00e1ndez (GEP, Universidad de Chile)&nbsp;<\/p>\n\n\n\n<p><em>Administrative Coordinator:<\/em> Pamela Rios (Avina Chile)<\/p>\n\n\n\n<p><em>Technical Collaboration:<\/em><\/p>\n\n\n\n<ul>\n<li>GEP Universidad de Chile<\/li>\n\n\n\n<li>Coordination Team of MapBiomas Brasil<\/li>\n<\/ul>\n\n\n\n<p><em>Technology Collaboration:<\/em><\/p>\n\n\n\n<ul>\n<li>Google<\/li>\n\n\n\n<li>EcoStage<\/li>\n<\/ul>\n\n\n\n<p><em>Financing:<\/em><\/p>\n\n\n\n<ul>\n<li>GEP Universidad de Chile, LEP Universidad de Concepci\u00f3n, LEPCON Universidad de la Frontera.<\/li>\n<\/ul>\n\n\n\n<p><em>Scientific Coordination<\/em> \u2013 Jaime Hern\u00e1ndez (GEP, Universidad de Chile), Rodrigo Fuentes (Universidad de Concepci\u00f3n), Alejandro Miranda (Universidad de La Frontera). MapBiomas Brasil: Tasso Acevedo, Julia Shimbo,  Marcos Rosa, Joao Siqueira y Mayra Milkovic.<\/p>\n\n\n\n<p>Click <a href=\"https:\/\/chile.mapbiomas.org\/en\/#section-support\">here<\/a> to know the institutions which are involved in the MapBiomas Chile initiative.<\/p>\n\n\n\n<p>Click <a href=\"https:\/\/chile.mapbiomas.org\/en\/equipo\/\">here<\/a> to know the people who are involved in MapBiomas Chile.<\/p>","protected":false},"excerpt":{"rendered":"<p>MapBiomas Chile es una iniciativa de monitoreo anual de cobertura y uso del suelo. Se enmarca en una colaboraci\u00f3n para entender los procesos de transformaci\u00f3n que ocurren en el territorio chileno. En ella participan distintas instituciones acad\u00e9micas de Chile. Co-creadores: Coordinaci\u00f3n General MapBiomas Chile: &nbsp;\u2013 Jaime Hern\u00e1ndez (GEP, Universidad de Chile)&nbsp; Coordinaci\u00f3n Administrativa: Pamela Rios [&hellip;]<\/p>","protected":false},"author":2,"featured_media":0,"parent":0,"menu_order":0,"comment_status":"closed","ping_status":"closed","template":"","meta":{"_uag_custom_page_level_css":""},"acf":[],"uagb_featured_image_src":{"full":false,"thumbnail":false,"medium":false,"medium_large":false,"large":false,"1536x1536":false,"2048x2048":false,"trp-custom-language-flag":false,"infographic":false,"team":false},"uagb_author_info":{"display_name":"Adriel Fernandes","author_link":"https:\/\/chile.mapbiomas.org\/en\/author\/adriel-fernandes\/"},"uagb_comment_info":0,"uagb_excerpt":"MapBiomas Chile es una iniciativa de monitoreo anual de cobertura y uso del suelo. Se enmarca en una colaboraci\u00f3n para entender los procesos de transformaci\u00f3n que ocurren en el territorio chileno. En ella participan distintas instituciones acad\u00e9micas de Chile. Co-creadores: Coordinaci\u00f3n General MapBiomas Chile: &nbsp;\u2013 Jaime Hern\u00e1ndez (GEP, Universidad de Chile)&nbsp; Coordinaci\u00f3n Administrativa: Pamela Rios&hellip;","_links":{"self":[{"href":"https:\/\/chile.mapbiomas.org\/en\/wp-json\/wp\/v2\/pages\/43"}],"collection":[{"href":"https:\/\/chile.mapbiomas.org\/en\/wp-json\/wp\/v2\/pages"}],"about":[{"href":"https:\/\/chile.mapbiomas.org\/en\/wp-json\/wp\/v2\/types\/page"}],"author":[{"embeddable":true,"href":"https:\/\/chile.mapbiomas.org\/en\/wp-json\/wp\/v2\/users\/2"}],"replies":[{"embeddable":true,"href":"https:\/\/chile.mapbiomas.org\/en\/wp-json\/wp\/v2\/comments?post=43"}],"version-history":[{"count":11,"href":"https:\/\/chile.mapbiomas.org\/en\/wp-json\/wp\/v2\/pages\/43\/revisions"}],"predecessor-version":[{"id":528,"href":"https:\/\/chile.mapbiomas.org\/en\/wp-json\/wp\/v2\/pages\/43\/revisions\/528"}],"wp:attachment":[{"href":"https:\/\/chile.mapbiomas.org\/en\/wp-json\/wp\/v2\/media?parent=43"}],"curies":[{"name":"wp","href":"https:\/\/api.w.org\/{rel}","templated":true}]}}