{"id":435,"date":"2024-04-23T15:37:53","date_gmt":"2024-04-23T15:37:53","guid":{"rendered":"https:\/\/chile.mapbiomas.org\/?page_id=435"},"modified":"2025-04-28T17:35:59","modified_gmt":"2025-04-28T17:35:59","slug":"premio-mapbiomas","status":"publish","type":"page","link":"https:\/\/chile.mapbiomas.org\/en\/premio-mapbiomas\/","title":{"rendered":"MapBiomas Awards"},"content":{"rendered":"<figure class=\"wp-block-image aligncenter size-large is-resized\"><img decoding=\"async\" loading=\"lazy\" src=\"https:\/\/brasil.mapbiomas.org\/wp-content\/uploads\/sites\/4\/2024\/02\/WhatsApp-Image-2024-02-21-at-08.47.22-1.jpeg\" alt=\"\" width=\"488\" height=\"488\" \/><\/figure>\n\n\n\n<p>La 6\u00aa Edici\u00f3n del Premio MapBiomas recibi\u00f3 193 candidaturas. Con el objetivo de estimular aplicaciones y trabajos que utilicen datos de cualquier iniciativa, m\u00f3dulo o producto de MapBiomas, fueron premiados 8 trabajos, por un premio total de R$ 80 mil, adem\u00e1s de tres menciones honor\u00edficas.<\/p>\n\n\n\n<p>En esta edici\u00f3n los participantes podr\u00edan postularse en 6 categor\u00edas: General, J\u00f3venes, Aplicaciones Destacadas en Pol\u00edticas P\u00fablicas y Negocios, Aplicaciones en Escuelas y Acciones para Combatir la Deforestaci\u00f3n.<\/p>\n\n\n\n<p>Cada trabajo premiado tambi\u00e9n recibir\u00e1 una suscripci\u00f3n anual a la Revista Ci\u00eancia Hoje Digital, adem\u00e1s de una beca para realizar un curso de Geoprocesamiento de im\u00e1genes de sat\u00e9lite utilizando Google Earth Engine ofrecido por Solved, y la producci\u00f3n de un video corto (de hasta 2 minutos) sobre el trabajo ganador.<\/p>\n\n\n\n<p>En colaboraci\u00f3n con el Instituto Ci\u00eancia Hoje, el premio tiene como objetivo estimular aplicaciones y trabajos que utilicen datos de cualquier m\u00f3dulo o iniciativa de MapBiomas, incluyendo iniciativas de otros pa\u00edses, y de diferentes productos, como MapBiomas Alerta, MapBiomas Fogo, MapBiomas \u00c1gua, MapBiomas Solo.<\/p>\n\n\n\n<p>Para entender un poco m\u00e1s sobre las iniciativas, accede a: <a href=\"http:\/\/brasil.mapbiomas.org\/iniciativas-mapbiomas\">brasil.mapbiomas.org\/iniciativas-mapbiomas<\/a>.<\/p>\n\n\n\n<p><\/p>\n\n\n\n<p><\/p>\n\n\n\n<h3 class=\"wp-block-heading\"><strong>Conhe\u00e7a os vencedores:<\/strong><\/h3>\n\n\n\n<h6 class=\"wp-block-heading\"><strong>CATEGORIA GENERAL<\/strong><\/h6>\n\n\n\n<p><strong>1er LUGAR<\/strong><br>Juliana Lira da Silva y Cunha Brand\u00e3o (University of Wisconsin-Madison)<br><em><a rel=\"noreferrer noopener\" href=\"https:\/\/brasil.mapbiomas.org\/wp-content\/uploads\/sites\/4\/2024\/09\/MAPBIOMAS_Behind-the-Cattle-Industry-Juliana-Lira.pdf\" target=\"_blank\">Por tr\u00e1s da ind\u00fastria do gado: Trabalho escravo moderno utilizado para produzir carne e couro no Brasil<\/a><\/em><\/p>\n\n\n\n<p><strong>2er LUGAR\u00a0<\/strong><br>Paula Conde Santos Borba (Instituto Nacional de Pesquisas Espaciais)<br><em><a rel=\"noreferrer noopener\" href=\"https:\/\/brasil.mapbiomas.org\/wp-content\/uploads\/sites\/4\/2024\/09\/paper-Paula-Borba.pdf\" target=\"_blank\">A conserva\u00e7\u00e3o da terra e a transi\u00e7\u00e3o para energia renov\u00e1vel s\u00e3o simultaneamente poss\u00edveis no Brasil<\/a><\/em><\/p>\n\n\n\n<h6 class=\"wp-block-heading\"><strong>CATEGORIA JOVE<\/strong>N<\/h6>\n\n\n\n<p><strong>1er LUGAR<\/strong><br>Vin\u00edcius de Andrade Urbano (Universidade Estadual de Maring\u00e1)<br><em>O uso humano da terra provoca mudan\u00e7as na estrutura tr\u00f3fica de peixes em zonas \u00famidas neotropicais<\/em><\/p>\n\n\n\n<p><strong>2er LUGAR<\/strong><br>Carlos Henrique de Andrade (Universidade Estadual Paulista \u2013 C\u00e2mpus do Litoral Paulista)<br><em><a rel=\"noreferrer noopener\" href=\"https:\/\/brasil.mapbiomas.org\/wp-content\/uploads\/sites\/4\/2024\/09\/Projeto_MapBiomas_Carlos_Henrique_de_Andrade-Carlos-Henrique-De-Andrade.pdf\" target=\"_blank\">Avalia\u00e7\u00e3o do Potencial de sequestro e estoque de carbono em diferentes cen\u00e1rios de gerenciamento de uso e ocupa\u00e7\u00e3o do solo em manguezais na Baixada Santista<\/a><\/em><\/p>\n\n\n\n<h6 class=\"wp-block-heading\"><strong>CATEGORIA DESTAQUE APLICACIONES EN POL\u00cdTICAS P\u00daBLICAS<\/strong><\/h6>\n\n\n\n<p><strong>GANADOR<\/strong><br>Murilo Raphael Dias Cardoso (SEMAD-GO)<br><em><a rel=\"noreferrer noopener\" href=\"https:\/\/brasil.mapbiomas.org\/wp-content\/uploads\/sites\/4\/2024\/09\/Premio_MapBiomas_29_assinado_assinado-Murilo-Cardoso.pdf\" target=\"_blank\">Aplica\u00e7\u00e3o de alertas de desmatamento e mapeamentos de uso e cobertura do solo da rede MapBiomas no combate ao desmatamento ilegal no estado de Goi\u00e1s<\/a><\/em><\/p>\n\n\n\n<h6 class=\"wp-block-heading\"><strong>CATEGORIA APLICACIONES DESTACADAS  EN NEGOCIO<\/strong>S<\/h6>\n\n\n\n<p><strong>GANADOR<\/strong><br>Leandro Reverberi Tambosi (Universidade Federal do ABC e Universidad de Alicante)<br><em><a rel=\"noreferrer noopener\" href=\"https:\/\/brasil.mapbiomas.org\/wp-content\/uploads\/sites\/4\/2024\/09\/Trabalho_paisagem_itaipu_mapbiomas-Leandro-Reverberi-Tambosi.pdf\" target=\"_blank\">Impacto da restaura\u00e7\u00e3o florestal na din\u00e2mica da paisagem da usina hidrel\u00e9trica da Itaipu Binacional<\/a><\/em><\/p>\n\n\n\n<h6 class=\"wp-block-heading\"><strong>CATEGORIA APLICACIONES <strong>DESTACADA<\/strong><\/strong>S <strong>EN ESCUELAS<\/strong><\/h6>\n\n\n\n<p><strong>GANADORA<\/strong><br>Rosa Maria Duarte Veloso (Centro Educa Mais Professor Ribamar Torres)<br><em><a rel=\"noreferrer noopener\" href=\"https:\/\/brasil.mapbiomas.org\/wp-content\/uploads\/sites\/4\/2024\/09\/MAPEAMENTO-E-CLASSIFICACAO-DOS-OLHOS-MAPBIOMAS-AQUI-1-ROSA-MARIA-DUARTE-VELOSO.pdf\" target=\"_blank\">Mapeamento e classifica\u00e7\u00e3o dos olhos d\u2019\u00e1gua em locais urbanos de Pastos Bons, Maranh\u00e3o<\/a><\/em><\/p>\n\n\n\n<h6 class=\"wp-block-heading\"><strong>CATEGORIA ESPECIAL PARA COMBATIR LA DEFORESTACI\u00d3N<\/strong><\/h6>\n\n\n\n<p><strong>GANADOR<\/strong><br>Alexandre Gaio (ABRAMPA\/MPPR)<br><em><a rel=\"noreferrer noopener\" href=\"https:\/\/brasil.mapbiomas.org\/wp-content\/uploads\/sites\/4\/2024\/09\/Trabalho-Operacao-Mata-Atlantica-em-Pe-Marina-Pranke.pdf\" target=\"_blank\">Opera\u00e7\u00e3o Mata Atl\u00e2ntica em P\u00e9 e o Uso de Imagens de Sat\u00e9lite em Fiscaliza\u00e7\u00f5es Remotas<\/a><\/em><\/p>","protected":false},"excerpt":{"rendered":"<p>La 6\u00aa Edici\u00f3n del Premio MapBiomas recibi\u00f3 193 candidaturas. Con el objetivo de estimular aplicaciones y trabajos que utilicen datos de cualquier iniciativa, m\u00f3dulo o producto de MapBiomas, fueron premiados 8 trabajos, por un premio total de R$ 80 mil, adem\u00e1s de tres menciones honor\u00edficas. En esta edici\u00f3n los participantes podr\u00edan postularse en 6 categor\u00edas: [&hellip;]<\/p>","protected":false},"author":2,"featured_media":0,"parent":0,"menu_order":0,"comment_status":"closed","ping_status":"closed","template":"","meta":{"_uag_custom_page_level_css":""},"acf":[],"uagb_featured_image_src":{"full":false,"thumbnail":false,"medium":false,"medium_large":false,"large":false,"1536x1536":false,"2048x2048":false,"trp-custom-language-flag":false,"infographic":false,"team":false},"uagb_author_info":{"display_name":"Adriel Fernandes","author_link":"https:\/\/chile.mapbiomas.org\/en\/author\/adriel-fernandes\/"},"uagb_comment_info":0,"uagb_excerpt":"La 6\u00aa Edici\u00f3n del Premio MapBiomas recibi\u00f3 193 candidaturas. Con el objetivo de estimular aplicaciones y trabajos que utilicen datos de cualquier iniciativa, m\u00f3dulo o producto de MapBiomas, fueron premiados 8 trabajos, por un premio total de R$ 80 mil, adem\u00e1s de tres menciones honor\u00edficas. En esta edici\u00f3n los participantes podr\u00edan postularse en 6 categor\u00edas:&hellip;","_links":{"self":[{"href":"https:\/\/chile.mapbiomas.org\/en\/wp-json\/wp\/v2\/pages\/435"}],"collection":[{"href":"https:\/\/chile.mapbiomas.org\/en\/wp-json\/wp\/v2\/pages"}],"about":[{"href":"https:\/\/chile.mapbiomas.org\/en\/wp-json\/wp\/v2\/types\/page"}],"author":[{"embeddable":true,"href":"https:\/\/chile.mapbiomas.org\/en\/wp-json\/wp\/v2\/users\/2"}],"replies":[{"embeddable":true,"href":"https:\/\/chile.mapbiomas.org\/en\/wp-json\/wp\/v2\/comments?post=435"}],"version-history":[{"count":5,"href":"https:\/\/chile.mapbiomas.org\/en\/wp-json\/wp\/v2\/pages\/435\/revisions"}],"predecessor-version":[{"id":515,"href":"https:\/\/chile.mapbiomas.org\/en\/wp-json\/wp\/v2\/pages\/435\/revisions\/515"}],"wp:attachment":[{"href":"https:\/\/chile.mapbiomas.org\/en\/wp-json\/wp\/v2\/media?parent=435"}],"curies":[{"name":"wp","href":"https:\/\/api.w.org\/{rel}","templated":true}]}}