{"id":631,"date":"2026-02-12T14:16:38","date_gmt":"2026-02-12T14:16:38","guid":{"rendered":"https:\/\/chile.mapbiomas.org\/?page_id=631"},"modified":"2026-02-12T14:18:02","modified_gmt":"2026-02-12T14:18:02","slug":"acceda-a-los-atbds","status":"publish","type":"page","link":"https:\/\/chile.mapbiomas.org\/en\/acceda-a-los-atbds\/","title":{"rendered":"ACCESS THE ATBDS"},"content":{"rendered":"<p>The ATBD (Algorithm Theoretical Base Document) describes the development and production process of the maps and algorithms used in the MapBiomas Chile Collections.<\/p>\n\n\n\n<p>The ATBD is a dynamic document that is constantly updated to add new information and lessons learned.<\/p>\n\n\n\n<p>There is a General ATBD for MapBiomas Chile and appendices that detail the methodologies for classifying the cross-cutting themes implemented. The methodology for these cross-cutting themes has been developed based on the work of other countries in the network and adapted to the national context.<\/p>\n\n\n\n<p><\/p>\n\n\n\n<div class=\"wp-block-uagb-advanced-heading uagb-block-2d97ecc3\"><h4 class=\"uagb-heading-text\">ATBD GENERAL MAPBIOMAS CHILE<\/h4><\/div>\n\n\n\n<p><\/p>\n\n\n\n<p><a rel=\"noreferrer noopener\" href=\"http:\/\/chile.mapbiomas.org\/wp-content\/uploads\/sites\/13\/2025\/10\/ATBD_Chile_Coll_2.docx.pdf\" target=\"_blank\">GENERAL DOCUMENT COLLECTION 2<\/a><br><a rel=\"noreferrer noopener\" href=\"http:\/\/chile.mapbiomas.org\/wp-content\/uploads\/sites\/13\/2024\/04\/ATBD_CHILE_colection1.pdf\" target=\"_blank\">GENERAL DOCUMENT COLLECTION 1<\/a><\/p>\n\n\n\n<p><\/p>\n\n\n\n<div class=\"wp-block-uagb-advanced-heading uagb-block-081d4fed\"><h4 class=\"uagb-heading-text\">APENDICES<\/h4><\/div>\n\n\n\n<p><\/p>\n\n\n\n<p><a href=\"http:\/\/chile.mapbiomas.org\/wp-content\/uploads\/sites\/13\/2026\/02\/MapBiomas_Infrastructure_Appendix_ATBD_C2.docx.docx.pdf\" target=\"_blank\" rel=\"noreferrer noopener\">URBAN INFRASTRUCTURE<\/a><\/p>","protected":false},"excerpt":{"rendered":"<p>El ATBD (Documento Base Te\u00f3rico de Algoritmos) describe el proceso de desarrollo y producci\u00f3n de los mapas y algoritmos utilizados en las Colecciones de MapBiomas Chile. El ATBD es un documento din\u00e1mico que se encuentra en constante actualizaci\u00f3n para agregar nueva informaci\u00f3n y aprendizajes. Existe un ATBD General de MapBiomas Chile y ap\u00e9ndices que detallan [&hellip;]<\/p>","protected":false},"author":5,"featured_media":0,"parent":0,"menu_order":0,"comment_status":"closed","ping_status":"closed","template":"","meta":{"_uag_custom_page_level_css":""},"acf":[],"uagb_featured_image_src":{"full":false,"thumbnail":false,"medium":false,"medium_large":false,"large":false,"1536x1536":false,"2048x2048":false,"trp-custom-language-flag":false,"infographic":false,"team":false},"uagb_author_info":{"display_name":"mayramilkovic","author_link":"https:\/\/chile.mapbiomas.org\/en\/author\/mayramilkovic\/"},"uagb_comment_info":0,"uagb_excerpt":"El ATBD (Documento Base Te\u00f3rico de Algoritmos) describe el proceso de desarrollo y producci\u00f3n de los mapas y algoritmos utilizados en las Colecciones de MapBiomas Chile. El ATBD es un documento din\u00e1mico que se encuentra en constante actualizaci\u00f3n para agregar nueva informaci\u00f3n y aprendizajes. Existe un ATBD General de MapBiomas Chile y ap\u00e9ndices que detallan&hellip;","_links":{"self":[{"href":"https:\/\/chile.mapbiomas.org\/en\/wp-json\/wp\/v2\/pages\/631"}],"collection":[{"href":"https:\/\/chile.mapbiomas.org\/en\/wp-json\/wp\/v2\/pages"}],"about":[{"href":"https:\/\/chile.mapbiomas.org\/en\/wp-json\/wp\/v2\/types\/page"}],"author":[{"embeddable":true,"href":"https:\/\/chile.mapbiomas.org\/en\/wp-json\/wp\/v2\/users\/5"}],"replies":[{"embeddable":true,"href":"https:\/\/chile.mapbiomas.org\/en\/wp-json\/wp\/v2\/comments?post=631"}],"version-history":[{"count":2,"href":"https:\/\/chile.mapbiomas.org\/en\/wp-json\/wp\/v2\/pages\/631\/revisions"}],"predecessor-version":[{"id":635,"href":"https:\/\/chile.mapbiomas.org\/en\/wp-json\/wp\/v2\/pages\/631\/revisions\/635"}],"wp:attachment":[{"href":"https:\/\/chile.mapbiomas.org\/en\/wp-json\/wp\/v2\/media?parent=631"}],"curies":[{"name":"wp","href":"https:\/\/api.w.org\/{rel}","templated":true}]}}